{"id":161,"date":"2023-05-18T21:39:14","date_gmt":"2023-05-18T18:39:14","guid":{"rendered":"https:\/\/www.esracelik.com\/de\/?page_id=161"},"modified":"2023-07-20T17:59:04","modified_gmt":"2023-07-20T14:59:04","slug":"kontakt","status":"publish","type":"page","link":"https:\/\/www.esracelik.com\/de\/kontakt\/","title":{"rendered":"Kontakt"},"content":{"rendered":"<p><strong>Adresse :\u00a0<\/strong>Te\u015fvikiye Mah. Te\u015fvikiye Cad. Ven\u00fcs Apt. No:24 Kat:1 Daire:6 \u015ei\u015fli-\u0130stanbul<\/p>\n<p><strong>Telefon:<\/strong>\u00a0<a href=\"tel:+90 530 549 62 98\">0530 549 62 98<\/a><\/p>\n<p><strong>E-Mail :<\/strong>\u00a0<a href=\"mailto:info@esracelik.com\">info@esracelik.com<\/a><\/p>\n<p><iframe src=\"https:\/\/www.google.com\/maps\/embed?pb=!1m14!1m8!1m3!1d12035.203396288278!2d28.991888!3d41.051484!3m2!1i1024!2i768!4f13.1!3m3!1m2!1s0x14cab7aaf0ba919f%3A0x746d92dbb7004ef6!2sOp.Dr.%20Esra%20%C3%87elik%20%C5%9Eenel%20Estetik%20Ve%20Plastik%20Cerrahi%20Klini%C4%9Fi!5e0!3m2!1str!2str!4v1684441661716!5m2!1str!2str\" width=\"100%\" height=\"450\" style=\"border:0;\" allowfullscreen=\"\" loading=\"lazy\" referrerpolicy=\"no-referrer-when-downgrade\"><\/iframe><\/p>\n","protected":false},"excerpt":{"rendered":"<p>Adresse :\u00a0Te\u015fvikiye Mah. Te\u015fvikiye Cad. Ven\u00fcs Apt. No:24 Kat:1 Daire:6 \u015ei\u015fli-\u0130stanbul Telefon:\u00a00530 549 62 98 E-Mail :\u00a0info@esracelik.com<\/p>\n","protected":false},"author":1,"featured_media":0,"parent":0,"menu_order":0,"comment_status":"closed","ping_status":"closed","template":"","meta":{"footnotes":""},"class_list":["post-161","page","type-page","status-publish","hentry"],"_links":{"self":[{"href":"https:\/\/www.esracelik.com\/de\/wp-json\/wp\/v2\/pages\/161","targetHints":{"allow":["GET"]}}],"collection":[{"href":"https:\/\/www.esracelik.com\/de\/wp-json\/wp\/v2\/pages"}],"about":[{"href":"https:\/\/www.esracelik.com\/de\/wp-json\/wp\/v2\/types\/page"}],"author":[{"embeddable":true,"href":"https:\/\/www.esracelik.com\/de\/wp-json\/wp\/v2\/users\/1"}],"replies":[{"embeddable":true,"href":"https:\/\/www.esracelik.com\/de\/wp-json\/wp\/v2\/comments?post=161"}],"version-history":[{"count":3,"href":"https:\/\/www.esracelik.com\/de\/wp-json\/wp\/v2\/pages\/161\/revisions"}],"predecessor-version":[{"id":787,"href":"https:\/\/www.esracelik.com\/de\/wp-json\/wp\/v2\/pages\/161\/revisions\/787"}],"wp:attachment":[{"href":"https:\/\/www.esracelik.com\/de\/wp-json\/wp\/v2\/media?parent=161"}],"curies":[{"name":"wp","href":"https:\/\/api.w.org\/{rel}","templated":true}]}}