{"id":158,"date":"2023-05-18T21:38:10","date_gmt":"2023-05-18T18:38:10","guid":{"rendered":"https:\/\/www.esracelik.com\/de\/?page_id=158"},"modified":"2023-07-20T18:01:37","modified_gmt":"2023-07-20T15:01:37","slug":"uber-mich","status":"publish","type":"page","link":"https:\/\/www.esracelik.com\/de\/uber-mich\/","title":{"rendered":"\u00dcber Mich"},"content":{"rendered":"<h3>MD, Esra \u00c7elik \u015eenel<\/h3>\n<p>Er wurde 1975 in Ayd\u0131n geboren und absolvierte seine Grund-, Sekundar- und Oberschulausbildung in Ayd\u0131n. \u0130.\u00dc. 1998 schloss er sein Studium an der medizinischen Fakult\u00e4t Cerrahpa\u015fa ab. Im Jahr 2005 erhielt er seine Spezialisierung auf \u00e4sthetische, plastische und rekonstruktive Chirurgie vom Haydarpa\u015fa Numune Training and Research Hospital.<\/p>\n<p>Im selben Jahr wurde I.U. Er absolvierte berufsbegleitend die Abteilung f\u00fcr Operngesang am Staatskonservatorium. In den folgenden Jahren beschleunigte er seine wissenschaftlichen Studien und erweiterte seine Erfahrung in der Brustrekonstruktion am Memorial Sloan Kettering Cancer Center (New York \u2013 USA), einem der ber\u00fchmtesten Krebszentren der Welt.<\/p>\n<p>MD, Esra \u00c7elik \u015eenel arbeitet immer noch in ihrer eigenen Klinik in Ni\u015fanta\u015f\u0131.<\/p>\n<p>Unser Chirurg, der davon \u00fcberzeugt ist, dass \u00e4sthetische Chirurgie mit Kunst verbunden ist, glaubt, dass Sch\u00f6nheit im Detail verborgen liegt und es notwendig ist, ein naturnahes Erscheinungsbild anzustreben.<\/p>\n<p><a href=\"https:\/\/www.posta.com.tr\/yazarlar\/op-dr-esra-celik-senel\/\" target=\"blank\" rel=\"noopener\"><img loading=\"lazy\" decoding=\"async\" class=\"alignnone size-full wp-image-700\" src=\"https:\/\/www.esracelik.com\/de\/wp-content\/uploads\/2023\/06\/Esra-Celik-Posta.jpg\" alt=\"\" width=\"364\" height=\"98\" srcset=\"https:\/\/www.esracelik.com\/de\/wp-content\/uploads\/2023\/06\/Esra-Celik-Posta.jpg 364w, https:\/\/www.esracelik.com\/de\/wp-content\/uploads\/2023\/06\/Esra-Celik-Posta-300x81.jpg 300w\" sizes=\"auto, (max-width: 364px) 100vw, 364px\" \/><\/a><\/p>\n<p><strong><a href=\"https:\/\/www.posta.com.tr\/yazarlar\/op-dr-esra-celik-senel\/\" target=\"blank\" rel=\"noopener\">MD, Esra \u00c7elik \u015eenel Posta Zeitungskolumnen<\/a><\/strong><\/p>\n<p>&nbsp;<\/p>\n","protected":false},"excerpt":{"rendered":"<p>MD, Esra \u00c7elik \u015eenel Er wurde 1975 in Ayd\u0131n geboren und absolvierte seine Grund-, Sekundar- und Oberschulausbildung in Ayd\u0131n. \u0130.\u00dc. 1998 schloss er sein Studium an der medizinischen Fakult\u00e4t Cerrahpa\u015fa ab. Im Jahr 2005 erhielt er seine Spezialisierung auf \u00e4sthetische, plastische und rekonstruktive Chirurgie vom Haydarpa\u015fa Numune Training and Research Hospital. Im selben Jahr wurde [&hellip;]<\/p>\n","protected":false},"author":1,"featured_media":723,"parent":0,"menu_order":0,"comment_status":"closed","ping_status":"closed","template":"","meta":{"footnotes":""},"class_list":["post-158","page","type-page","status-publish","has-post-thumbnail","hentry"],"_links":{"self":[{"href":"https:\/\/www.esracelik.com\/de\/wp-json\/wp\/v2\/pages\/158","targetHints":{"allow":["GET"]}}],"collection":[{"href":"https:\/\/www.esracelik.com\/de\/wp-json\/wp\/v2\/pages"}],"about":[{"href":"https:\/\/www.esracelik.com\/de\/wp-json\/wp\/v2\/types\/page"}],"author":[{"embeddable":true,"href":"https:\/\/www.esracelik.com\/de\/wp-json\/wp\/v2\/users\/1"}],"replies":[{"embeddable":true,"href":"https:\/\/www.esracelik.com\/de\/wp-json\/wp\/v2\/comments?post=158"}],"version-history":[{"count":9,"href":"https:\/\/www.esracelik.com\/de\/wp-json\/wp\/v2\/pages\/158\/revisions"}],"predecessor-version":[{"id":790,"href":"https:\/\/www.esracelik.com\/de\/wp-json\/wp\/v2\/pages\/158\/revisions\/790"}],"wp:featuredmedia":[{"embeddable":true,"href":"https:\/\/www.esracelik.com\/de\/wp-json\/wp\/v2\/media\/723"}],"wp:attachment":[{"href":"https:\/\/www.esracelik.com\/de\/wp-json\/wp\/v2\/media?parent=158"}],"curies":[{"name":"wp","href":"https:\/\/api.w.org\/{rel}","templated":true}]}}